{"id":813,"date":"2025-07-25T08:46:29","date_gmt":"2025-07-25T08:46:29","guid":{"rendered":"https:\/\/vaid.com.vn\/?page_id=813"},"modified":"2025-07-25T08:46:29","modified_gmt":"2025-07-25T08:46:29","slug":"dich-vu-tu-van-thue","status":"publish","type":"page","link":"https:\/\/vaid.com.vn\/en\/dich-vu\/dich-vu-tu-van-thue\/","title":{"rendered":"Tax Consulting Services"},"content":{"rendered":"<p><strong>Partnering for compliance \u2013 optimizing tax obligations \u2013 ensuring financial transparency<\/strong><\/p>\n\n\n\n<p>At VAID, we provide <strong>professional, independent tax consulting services<\/strong>to help businesses both comply with Vietnamese tax laws and optimize their tax obligations \u2014 laying the foundation for a transparent and efficient financial system.<\/p>\n\n\n\n<p>Our experienced team holds official practicing <strong>certificates from the General Department of Taxation<\/strong>and is ready to support businesses throughout all phases, from startup to operations and expansion.<\/p>\n\n\n\n<h3 class=\"wp-block-heading\">Our tax consulting covers:<\/h3>\n\n\n\n<ul class=\"wp-block-list\">\n<li><strong>Advisory on current tax policies and regulations:<\/strong><br>Regular updates and clear explanations of VAT, CIT, PIT, foreign contractor tax, import\/export duties, and more.<\/li>\n\n\n\n<li><strong>Preparation, review, and submission of periodic tax filings:<\/strong><br>Check the accuracy of tax documents and guide businesses in filing reports to minimize errors and avoid penalties.<\/li>\n\n\n\n<li><strong>Tax authority liaison services:<\/strong><br>Represent clients in administrative procedures related to tax finalization, refunds, audits, and inspections.<\/li>\n\n\n\n<li><strong>Tax planning for investments and operations:<\/strong><br>Devise tax strategies to legally reduce costs, improve financial performance, and enhance long-term competitiveness.<\/li>\n\n\n\n<li><strong>Resolution of complex tax issues:<\/strong><br>Handle intricate matters such as transfer pricing, related-party transactions, project transfers, and international contract taxation.<\/li>\n<\/ul>\n\n\n\n<hr class=\"wp-block-separator has-alpha-channel-opacity\"\/>\n\n\n\n<p><strong>VAID \u2013 Sound tax consulting for long-term partnership.<\/strong><br>Contact us for in-depth support and custom tax strategies for your business.<\/p>","protected":false},"excerpt":{"rendered":"<p>\u0110\u1ed3ng h\u00e0nh c\u00f9ng doanh nghi\u1ec7p \u2013 T\u1ed1i \u01b0u ngh\u0129a v\u1ee5, minh b\u1ea1ch t\u00e0i ch\u00ednh T\u1ea1i VAID, ch\u00fang t\u00f4i cung c\u1ea5p d\u1ecbch v\u1ee5 t\u01b0 v\u1ea5n thu\u1ebf chuy\u00ean nghi\u1ec7p v\u00e0 \u0111\u1ed9c l\u1eadp, gi\u00fap doanh nghi\u1ec7p v\u1eeba tu\u00e2n th\u1ee7 \u0111\u00fang c\u00e1c quy \u0111\u1ecbnh ph\u00e1p lu\u1eadt hi\u1ec7n h\u00e0nh, v\u1eeba t\u1ed1i \u01b0u h\u00f3a ngh\u0129a v\u1ee5 thu\u1ebf \u2013 t\u1ea1o n\u1ec1n t\u1ea3ng [&hellip;]<\/p>","protected":false},"author":1,"featured_media":0,"parent":695,"menu_order":0,"comment_status":"closed","ping_status":"closed","template":"","meta":{"footnotes":""},"class_list":["post-813","page","type-page","status-publish","hentry"],"blocksy_meta":[],"_links":{"self":[{"href":"https:\/\/vaid.com.vn\/en\/wp-json\/wp\/v2\/pages\/813","targetHints":{"allow":["GET"]}}],"collection":[{"href":"https:\/\/vaid.com.vn\/en\/wp-json\/wp\/v2\/pages"}],"about":[{"href":"https:\/\/vaid.com.vn\/en\/wp-json\/wp\/v2\/types\/page"}],"author":[{"embeddable":true,"href":"https:\/\/vaid.com.vn\/en\/wp-json\/wp\/v2\/users\/1"}],"replies":[{"embeddable":true,"href":"https:\/\/vaid.com.vn\/en\/wp-json\/wp\/v2\/comments?post=813"}],"version-history":[{"count":0,"href":"https:\/\/vaid.com.vn\/en\/wp-json\/wp\/v2\/pages\/813\/revisions"}],"up":[{"embeddable":true,"href":"https:\/\/vaid.com.vn\/en\/wp-json\/wp\/v2\/pages\/695"}],"wp:attachment":[{"href":"https:\/\/vaid.com.vn\/en\/wp-json\/wp\/v2\/media?parent=813"}],"curies":[{"name":"wp","href":"https:\/\/api.w.org\/{rel}","templated":true}]}}