{"id":804,"date":"2025-07-25T08:29:38","date_gmt":"2025-07-25T08:29:38","guid":{"rendered":"https:\/\/vaid.com.vn\/?page_id=804"},"modified":"2025-07-25T08:29:38","modified_gmt":"2025-07-25T08:29:38","slug":"mua-ban-va-sap-nhap","status":"publish","type":"page","link":"https:\/\/vaid.com.vn\/en\/dich-vu\/mua-ban-va-sap-nhap\/","title":{"rendered":"Mergers &amp; Acquisitions (M&amp;A)"},"content":{"rendered":"<p>As a <strong>strategic advisor and exclusive partner<\/strong> for numerous M&amp;A deals, VAID (a member of RSL Group) provides comprehensive and in-depth consulting services to help clients execute mergers and acquisitions <strong>safely, efficiently, and cost-effectively.<\/strong>.<\/p>\n\n\n\n<p>We go beyond simple matchmaking \u2014 acting as the <strong>central coordinator<\/strong> throughout the entire negotiation and transaction process to ensure alignment and effectiveness among all stakeholders.<\/p>\n\n\n\n<h3 class=\"wp-block-heading\">Key services include:<\/h3>\n\n\n\n<ul class=\"wp-block-list\">\n<li><strong>Legal due diligence:<\/strong><br>Conduct comprehensive legal reviews of all parties involved; identify potential risks related to ownership, contracts, obligations, and regulatory compliance.<\/li>\n\n\n\n<li><strong>Financial due diligence:<\/strong><br>Assess financial status, cash flow, asset valuation, liabilities, etc., to establish a sound basis for valuation and support investment decisions.<\/li>\n\n\n\n<li><strong>Investor and buyer\/seller matching:<\/strong><br>Leverage our nationwide business network to identify suitable partners quickly and effectively, reducing transaction time.<\/li>\n\n\n\n<li><strong>Negotiation and deal structuring advisory:<\/strong><br>Accompany clients through the contract negotiation process, deal structuring, and integration planning, ensuring optimal merger strategies and safeguarding client interests.<\/li>\n<\/ul>\n\n\n\n<hr class=\"wp-block-separator has-alpha-channel-opacity\"\/>\n\n\n\n<p><strong>VAID \u2013 A trusted bridge for successful, transparent, and sustainable M&amp;A deals.<\/strong><br>Contact us for confidential and expert consulting on your strategic transactions.<\/p>","protected":false},"excerpt":{"rendered":"<p>V\u1edbi vai tr\u00f2 l\u00e0 c\u1ed1 v\u1ea5n chi\u1ebfn l\u01b0\u1ee3c v\u00e0 \u0111\u1ed1i t\u00e1c \u0111\u1ed9c quy\u1ec1n cho nhi\u1ec1u th\u01b0\u01a1ng v\u1ee5 M&amp;A, VAID (tr\u1ef1c thu\u1ed9c RSL Group) cung c\u1ea5p d\u1ecbch v\u1ee5 t\u01b0 v\u1ea5n to\u00e0n di\u1ec7n v\u00e0 chuy\u00ean s\u00e2u, gi\u00fap kh\u00e1ch h\u00e0ng th\u1ef1c hi\u1ec7n c\u00e1c th\u01b0\u01a1ng v\u1ee5 mua b\u00e1n \u2013 s\u00e1p nh\u1eadp m\u1ed9t c\u00e1ch an to\u00e0n, hi\u1ec7u qu\u1ea3 v\u00e0 t\u1ed1i [&hellip;]<\/p>","protected":false},"author":1,"featured_media":0,"parent":695,"menu_order":0,"comment_status":"closed","ping_status":"closed","template":"","meta":{"footnotes":""},"class_list":["post-804","page","type-page","status-publish","hentry"],"blocksy_meta":[],"_links":{"self":[{"href":"https:\/\/vaid.com.vn\/en\/wp-json\/wp\/v2\/pages\/804","targetHints":{"allow":["GET"]}}],"collection":[{"href":"https:\/\/vaid.com.vn\/en\/wp-json\/wp\/v2\/pages"}],"about":[{"href":"https:\/\/vaid.com.vn\/en\/wp-json\/wp\/v2\/types\/page"}],"author":[{"embeddable":true,"href":"https:\/\/vaid.com.vn\/en\/wp-json\/wp\/v2\/users\/1"}],"replies":[{"embeddable":true,"href":"https:\/\/vaid.com.vn\/en\/wp-json\/wp\/v2\/comments?post=804"}],"version-history":[{"count":0,"href":"https:\/\/vaid.com.vn\/en\/wp-json\/wp\/v2\/pages\/804\/revisions"}],"up":[{"embeddable":true,"href":"https:\/\/vaid.com.vn\/en\/wp-json\/wp\/v2\/pages\/695"}],"wp:attachment":[{"href":"https:\/\/vaid.com.vn\/en\/wp-json\/wp\/v2\/media?parent=804"}],"curies":[{"name":"wp","href":"https:\/\/api.w.org\/{rel}","templated":true}]}}