{"id":607,"date":"2022-06-15T10:18:17","date_gmt":"2022-06-15T10:18:17","guid":{"rendered":"https:\/\/startersites.io\/stagingfour\/?page_id=607"},"modified":"2025-07-23T00:45:35","modified_gmt":"2025-07-23T00:45:35","slug":"about","status":"publish","type":"page","link":"https:\/\/vaid.com.vn\/en\/about\/","title":{"rendered":"About us"},"content":{"rendered":"<div style=\"height:100px\" aria-hidden=\"true\" class=\"wp-block-spacer\"><\/div>\n\n\n\n<h1 class=\"wp-block-heading\">\ud83c\udf1f ABOUT US<\/h1>\n\n\n\n<p><strong>VAID \u2013 Vietnam Advisory for Investment and Development<\/strong> was established with the mission of accompanying both Vietnamese and international enterprises on their journey toward <strong>effective investment, sustainable development, and successful digital transformation.<\/strong>.<\/p>\n\n\n\n<p>We bring together a team of experienced experts who combine <strong>strategic thinking, in-depth legal knowledge, advanced technologies<\/strong> , and practical execution capabilities to deliver comprehensive, optimized, and feasible solutions for our clients.<\/p>\n\n\n\n<hr class=\"wp-block-separator has-alpha-channel-opacity\"\/>\n\n\n\n<h2 class=\"wp-block-heading\">\ud83d\udca1 Our Mission<\/h2>\n\n\n\n<p>To help businesses maximize investment value, enhance operational capacity, and achieve breakthroughs by applying sound strategies and intelligent technologies.<\/p>\n\n\n\n<hr class=\"wp-block-separator has-alpha-channel-opacity\"\/>\n\n\n\n<h2 class=\"wp-block-heading\">\ud83c\udf0f Our Vision<\/h2>\n\n\n\n<p>To become a leading strategic consulting firm in the region, pioneering the integration of artificial intelligence and digital transformation into corporate management, thereby contributing to the development of the digital economy.<\/p>\n\n\n\n<hr class=\"wp-block-separator has-alpha-channel-opacity\"\/>\n\n\n\n<h2 class=\"wp-block-heading\">\ud83e\udde9 Our Core Values<\/h2>\n\n\n\n<ul class=\"wp-block-list\">\n<li><strong>Robust Strategy:<\/strong> We provide clear and actionable directions based on data analysis and deep market insight.<\/li>\n\n\n\n<li><strong>Legal Security:<\/strong> We ensure that all investment and business activities comply with legal regulations, minimizing risks for our clients.<\/li>\n\n\n\n<li><strong>Technological Advancement:<\/strong> We leverage AI, digital transformation, and automation solutions to optimize efficiency and management.<\/li>\n\n\n\n<li><strong>Practicality and Effectiveness:<\/strong> Every solution we offer is designed to be implementable, measurable, and to generate tangible value.<\/li>\n<\/ul>\n\n\n\n<hr class=\"wp-block-separator has-alpha-channel-opacity\"\/>\n\n\n\n<h2 class=\"wp-block-heading\">\ud83d\udc65 OUR TEAM<\/h2>\n\n\n\n<div id=\"wps-widget--team-1\" class=\"wps-container wps-widget wps-widget--team wps-team-theme--square-01 wps-team--type-grid wps-team-card-action--single-page wps-team--social-hover-up wps-team--thumbnail-shad\" style=\"visibility: hidden; opacity: 0\" data-widget-id=\"1\">\n    \n    \n    <div class=\"wps-container--inner\">\n\n                \n        \n            <div class=\"wps-row\">\n\n                \n                                \n                    <div class=\"wps-col wps-widget--item wps-widget--item-777\">\n                        <div class=\"wpspeedo-team--single\">\n                            <div class=\"wps-team--single-inner\">\n                                \n                                <div class=\"team-member--thumbnail-wrapper wps-team--member-element\"><div class=\"team-member--thumbnail\"><a href=\"https:\/\/vaid.com.vn\/en\/wps-members\/truong-nguyen-tuan\/\" class=\"\"   aria-label=\"Read More about Nguy\u1ec5n Tu\u1ea5n Tr\u01b0\u1eddng (CEO).\"><img loading=\"lazy\" decoding=\"async\" width=\"669\" height=\"788\" src=\"https:\/\/vaid.com.vn\/wp-content\/uploads\/2025\/07\/Screenshot-2.png\" class=\"attachment- size- wp-post-image\" alt=\"\" srcset=\"https:\/\/vaid.com.vn\/wp-content\/uploads\/2025\/07\/Screenshot-2.png 669w, https:\/\/vaid.com.vn\/wp-content\/uploads\/2025\/07\/Screenshot-2-255x300.png 255w\" sizes=\"auto, (max-width: 669px) 100vw, 669px\" \/><\/a><\/div><\/div><h3 class=\"wps-team--member-title wps-team--member-element team-member--link\"><a href=\"https:\/\/vaid.com.vn\/en\/wps-members\/truong-nguyen-tuan\/\" class=\"\"  >Mr. Nguyen Tuan Truong (CEO)<\/a><\/h3><div class=\"wps-team--divider-wrapper wps-team--member-element\"><div class=\"wps-team--divider\"><\/div><\/div><div class=\"wps-team--member-details wps-team--member-details-excerpt wps-team--member-element\"><p>Mr. Nguyen Tuan Truong is a senior expert in telecommunications and digital transformation, with over 15 years of experience...<\/p>\n<\/div>\n                            <\/div>\n                        <\/div>\n                    <\/div>\n\n                    \n                \n                                \n                    <div class=\"wps-col wps-widget--item wps-widget--item-779\">\n                        <div class=\"wpspeedo-team--single\">\n                            <div class=\"wps-team--single-inner\">\n                                \n                                <div class=\"team-member--thumbnail-wrapper wps-team--member-element\"><div class=\"team-member--thumbnail\"><a href=\"https:\/\/vaid.com.vn\/en\/wps-members\/nguyen-thanh-ha-clo\/\" class=\"\"   aria-label=\"Read More about LS Nguy\u1ec5n Thanh H\u00e0 (CLO).\"><img loading=\"lazy\" decoding=\"async\" width=\"948\" height=\"1020\" src=\"https:\/\/vaid.com.vn\/wp-content\/uploads\/2025\/07\/Screenshot.png\" class=\"attachment- size- wp-post-image\" alt=\"\" srcset=\"https:\/\/vaid.com.vn\/wp-content\/uploads\/2025\/07\/Screenshot.png 948w, https:\/\/vaid.com.vn\/wp-content\/uploads\/2025\/07\/Screenshot-279x300.png 279w, https:\/\/vaid.com.vn\/wp-content\/uploads\/2025\/07\/Screenshot-768x826.png 768w\" sizes=\"auto, (max-width: 948px) 100vw, 948px\" \/><\/a><\/div><\/div><h3 class=\"wps-team--member-title wps-team--member-element team-member--link\"><a href=\"https:\/\/vaid.com.vn\/en\/wps-members\/nguyen-thanh-ha-clo\/\" class=\"\"  >Lawyer Nguyen Thanh Ha (CLO \u2013 Chief Legal Officer)<\/a><\/h3><div class=\"wps-team--divider-wrapper wps-team--member-element\"><div class=\"wps-team--divider\"><\/div><\/div><div class=\"wps-team--member-details wps-team--member-details-excerpt wps-team--member-element\"><p>Before co-founding the company, Mr. Ha held key positions at Investconsult Group, S-Fone, and VC Corporation...<\/p>\n<\/div>\n                            <\/div>\n                        <\/div>\n                    <\/div>\n\n                    \n                \n                                \n                    <div class=\"wps-col wps-widget--item wps-widget--item-781\">\n                        <div class=\"wpspeedo-team--single\">\n                            <div class=\"wps-team--single-inner\">\n                                \n                                <div class=\"team-member--thumbnail-wrapper wps-team--member-element\"><div class=\"team-member--thumbnail\"><a href=\"https:\/\/vaid.com.vn\/en\/wps-members\/ts-nguyen-van-huan-cto\/\" class=\"\"   aria-label=\"Read More about TS Nguy\u1ec5n V\u0103n Hu\u1ea5n (CTO).\"><img loading=\"lazy\" decoding=\"async\" width=\"670\" height=\"610\" src=\"https:\/\/vaid.com.vn\/wp-content\/uploads\/2025\/07\/61b1af72906f26317f7e.jpg\" class=\"attachment- size- wp-post-image\" alt=\"\" srcset=\"https:\/\/vaid.com.vn\/wp-content\/uploads\/2025\/07\/61b1af72906f26317f7e.jpg 670w, https:\/\/vaid.com.vn\/wp-content\/uploads\/2025\/07\/61b1af72906f26317f7e-300x273.jpg 300w\" sizes=\"auto, (max-width: 670px) 100vw, 670px\" \/><\/a><\/div><\/div><h3 class=\"wps-team--member-title wps-team--member-element team-member--link\"><a href=\"https:\/\/vaid.com.vn\/en\/wps-members\/ts-nguyen-van-huan-cto\/\" class=\"\"  >Dr. Nguyen Van Huan (CTO \u2013 Chief Technology Officer)<\/a><\/h3><div class=\"wps-team--divider-wrapper wps-team--member-element\"><div class=\"wps-team--divider\"><\/div><\/div><div class=\"wps-team--member-details wps-team--member-details-excerpt wps-team--member-element\"><p>Dr. Nguyen Van Huan currently serves as the Chief Technology Officer (CTO) of Vietnam Advisory for Investment and Development...<\/p>\n<\/div>\n                            <\/div>\n                        <\/div>\n                    <\/div>\n\n                    \n                \n                                \n                    <div class=\"wps-col wps-widget--item wps-widget--item-783\">\n                        <div class=\"wpspeedo-team--single\">\n                            <div class=\"wps-team--single-inner\">\n                                \n                                <div class=\"team-member--thumbnail-wrapper wps-team--member-element\"><div class=\"team-member--thumbnail\"><a href=\"https:\/\/vaid.com.vn\/en\/wps-members\/cuc-vuong-kha\/\" class=\"\"   aria-label=\"Read More about GS V\u01b0\u01a1ng Kh\u1ea3 C\u00fac.\"><img loading=\"lazy\" decoding=\"async\" width=\"435\" height=\"431\" src=\"https:\/\/vaid.com.vn\/wp-content\/uploads\/2025\/07\/Screenshot-1.png\" class=\"attachment- size- wp-post-image\" alt=\"\" srcset=\"https:\/\/vaid.com.vn\/wp-content\/uploads\/2025\/07\/Screenshot-1.png 435w, https:\/\/vaid.com.vn\/wp-content\/uploads\/2025\/07\/Screenshot-1-300x297.png 300w, https:\/\/vaid.com.vn\/wp-content\/uploads\/2025\/07\/Screenshot-1-150x150.png 150w\" sizes=\"auto, (max-width: 435px) 100vw, 435px\" \/><\/a><\/div><\/div><h3 class=\"wps-team--member-title wps-team--member-element team-member--link\"><a href=\"https:\/\/vaid.com.vn\/en\/wps-members\/cuc-vuong-kha\/\" class=\"\"  >Professor Vuong Kha Cuc<\/a><\/h3><div class=\"wps-team--divider-wrapper wps-team--member-element\"><div class=\"wps-team--divider\"><\/div><\/div><div class=\"wps-team--member-details wps-team--member-details-excerpt wps-team--member-element\"><p>Colonel, Professor, and Doctor of Science Vuong Kha Cuc (born 1951) formerly served as Deputy Director of the Center for Chemical\u2013Physical Technology and Environmental...<\/p>\n<\/div>\n                            <\/div>\n                        <\/div>\n                    <\/div>\n\n                    \n                        \n            <\/div>\n\n        \n                <div class=\"wps-team--not-found-wrapper\">\n            <div class=\"wps-team--not-found\">No Results Found<\/div>\n        <\/div>\n        \n    <\/div>\n\n        \n<\/div>\n\n\n<hr class=\"wp-block-separator has-alpha-channel-opacity\"\/>\n\n\n\n<p>At <strong>VAID<\/strong>, we believe that <strong>a sound strategy \u2014 implemented with the right technologies and legal compliance \u2014 creates lasting and meaningful impact for businesses.<\/strong><\/p>\n\n\n\n<p>We are honored to accompany you on your path to growth and transformation!<\/p>\n\n\n\n<div style=\"height:100px\" aria-hidden=\"true\" class=\"wp-block-spacer\"><\/div>\n\n\n\n<p><\/p>","protected":false},"excerpt":{"rendered":"<p>\ud83c\udf1f V\u1ec0 CH\u00daNG T\u00d4I VAID \u2014 C\u00f4ng ty T\u01b0 v\u1ea5n Chi\u1ebfn l\u01b0\u1ee3c \u0110\u1ea7u t\u01b0 v\u00e0 Ph\u00e1t tri\u1ec3n Vi\u1ec7t Nam \u0111\u01b0\u1ee3c th\u00e0nh l\u1eadp v\u1edbi s\u1ee9 m\u1ec7nh \u0111\u1ed3ng h\u00e0nh c\u00f9ng doanh nghi\u1ec7p Vi\u1ec7t Nam v\u00e0 qu\u1ed1c t\u1ebf trong h\u00e0nh tr\u00ecnh \u0111\u1ea7u t\u01b0 hi\u1ec7u qu\u1ea3, ph\u00e1t tri\u1ec3n b\u1ec1n v\u1eefng v\u00e0 chuy\u1ec3n \u0111\u1ed5i s\u1ed1 th\u00e0nh c\u00f4ng. Ch\u00fang t\u00f4i t\u1eadp [&hellip;]<\/p>","protected":false},"author":1,"featured_media":0,"parent":0,"menu_order":0,"comment_status":"closed","ping_status":"closed","template":"","meta":{"footnotes":""},"class_list":["post-607","page","type-page","status-publish","hentry"],"blocksy_meta":{"page_title_panel":"","has_hero_section":"disabled","fe1c64ab89945cda534f4bb2d579ae1a":"","hero_section":"type-1","hero_elements":[{"id":"custom_title","enabled":true,"heading_tag":"h1","title":"Home"},{"id":"custom_description","enabled":true,"description_visibility":{"desktop":true,"tablet":true,"mobile":false}},{"id":"custom_meta","enabled":false,"meta_elements":[{"id":"author","enabled":true,"label":"By","has_author_avatar":"yes","avatar_size":25},{"id":"post_date","enabled":true,"label":"On","date_format_source":"default","date_format":"M j, Y"},{"id":"updated_date","enabled":false,"label":"On","date_format_source":"default","date_format":"M j, Y"},{"id":"categories","enabled":false,"label":"In","style":"simple"},{"id":"comments","enabled":true}],"page_meta_elements":{"joined":true,"articles_count":true,"comments":true}},{"id":"breadcrumbs","enabled":false}],"433b02732bec8d55ec282f00a9a700eb":"","hero_alignment1":"CT_CSS_SKIP_RULE","hero_margin":40,"hero_alignment2":"center","hero_vertical_alignment":"center","fdbb34d69d6afe2394c07d96c9ea0b60":"","hero_structure":"narrow","cb306aece5e91b9a44875e4a81075440":"","page_title_bg_type":"featured_image","custom_hero_background":{"attachment_id":null},"page_title_image_size":"full","parallax":{"desktop":false,"tablet":false,"mobile":false},"034bc954f3c533bc75ffdf62670c8395":"","hero_height":"250px","pageTitleFont":{"family":"Default","variation":"Default","size":"30px","line-height":"CT_CSS_SKIP_RULE","letter-spacing":"CT_CSS_SKIP_RULE","text-transform":"CT_CSS_SKIP_RULE","text-decoration":"CT_CSS_SKIP_RULE"},"pageTitleFontColor":{"default":{"color":"CT_CSS_SKIP_RULEDEFAULT"}},"pageMetaFont":{"family":"Default","variation":"n6","size":"12px","line-height":"1.3","letter-spacing":"CT_CSS_SKIP_RULE","text-transform":"uppercase","text-decoration":"CT_CSS_SKIP_RULE"},"pageMetaFontColor":{"default":{"color":"CT_CSS_SKIP_RULEDEFAULT"},"hover":{"color":"CT_CSS_SKIP_RULEDEFAULT"}},"page_meta_button_type_font_colors":{"default":{"color":"CT_CSS_SKIP_RULEDEFAULT"},"hover":{"color":"CT_CSS_SKIP_RULEDEFAULT"}},"page_meta_button_type_background_colors":{"default":{"color":"CT_CSS_SKIP_RULEDEFAULT"},"hover":{"color":"CT_CSS_SKIP_RULEDEFAULT"}},"pageExcerptFont":{"family":"Default","variation":"Default","size":"CT_CSS_SKIP_RULE","line-height":"CT_CSS_SKIP_RULE","letter-spacing":"CT_CSS_SKIP_RULE","text-transform":"CT_CSS_SKIP_RULE","text-decoration":"CT_CSS_SKIP_RULE"},"pageExcerptColor":{"default":{"color":"CT_CSS_SKIP_RULEDEFAULT"}},"breadcrumbsFont":{"family":"Default","variation":"Default","size":"CT_CSS_SKIP_RULE","line-height":"CT_CSS_SKIP_RULE","letter-spacing":"CT_CSS_SKIP_RULE","text-transform":"CT_CSS_SKIP_RULE","text-decoration":"CT_CSS_SKIP_RULE"},"breadcrumbsFontColor":{"default":{"color":"CT_CSS_SKIP_RULEDEFAULT"},"initial":{"color":"CT_CSS_SKIP_RULEDEFAULT"},"hover":{"color":"CT_CSS_SKIP_RULEDEFAULT"}},"pageTitleOverlay":{"background_type":"color","background_pattern":"type-1","background_image":{"attachment_id":null,"x":0,"y":0},"gradient":"linear-gradient(135deg,rgba(6,147,227,1) 0%,rgb(155,81,224) 100%)","background_repeat":"repeat","background_size":"auto","background_attachment":"scroll","patternColor":{"default":{"color":"#e5e7ea"}},"overlayColor":{"default":{"color":"CT_CSS_SKIP_RULE"}},"backgroundColor":{"default":{"color":"CT_CSS_SKIP_RULE"}}},"pageTitleBackground":{"background_type":"color","background_pattern":"type-1","background_image":{"attachment_id":null,"x":0,"y":0},"gradient":"linear-gradient(135deg,rgba(6,147,227,1) 0%,rgb(155,81,224) 100%)","background_repeat":"repeat","background_size":"auto","background_attachment":"scroll","patternColor":{"default":{"color":"#e5e7ea"}},"overlayColor":{"default":{"color":"CT_CSS_SKIP_RULE"}},"backgroundColor":{"default":{"color":"var(--theme-palette-color-6)"}}},"pageTitlePadding":{"top":"50px","bottom":"50px","left":"auto","right":"auto","linked":true},"12e455f30de1d15aed0effbbb6f951bf":"","page_structure_type":"default","f474d2f3ad69b4e64f52dac0a3aa2bb2":"","content_style_source":"inherit","content_style":"wide","vertical_spacing_source":"custom","content_area_spacing":"none","background":{"background_type":"color","background_pattern":"type-1","background_image":{"attachment_id":null,"x":0,"y":0},"gradient":"linear-gradient(135deg,rgba(6,147,227,1) 0%,rgb(155,81,224) 100%)","background_repeat":"repeat","background_size":"auto","background_attachment":"scroll","patternColor":{"default":{"color":"#e5e7ea"}},"overlayColor":{"default":{"color":"CT_CSS_SKIP_RULE"}},"backgroundColor":{"default":{"color":"CT_CSS_SKIP_RULE"}}},"content_background":{"background_type":"color","background_pattern":"type-1","background_image":{"attachment_id":null,"x":0,"y":0},"gradient":"linear-gradient(135deg,rgba(6,147,227,1) 0%,rgb(155,81,224) 100%)","background_repeat":"repeat","background_size":"auto","background_attachment":"scroll","patternColor":{"default":{"color":"#e5e7ea"}},"overlayColor":{"default":{"color":"CT_CSS_SKIP_RULE"}},"backgroundColor":{"default":{"color":"var(--theme-palette-color-8)"}}},"content_boxed_shadow":{"inherit":false,"blur":18,"spread":-6,"v_offset":12,"h_offset":0,"inset":false,"enable":true,"color":{"color":"rgba(34, 56, 101, 0.04)"}},"content_boxed_border":{"width":1,"style":"none","color":{"color":"rgba(44,62,80,0.2)"}},"content_boxed_radius":{"top":"3px","bottom":"3px","left":"3px","right":"3px","linked":true},"boxed_content_spacing":{"desktop":{"top":"40px","bottom":"40px","left":"40px","right":"40px","linked":true},"tablet":{"top":"35px","bottom":"35px","left":"35px","right":"35px","linked":true},"mobile":{"top":"20px","bottom":"20px","left":"20px","right":"20px","linked":true}},"fca9f1d1c7aa58a4b21dd78357f6373e":"","disable_featured_image":"no","disable_share_box":"no","disable_header":"no","disable_footer":"no","styles_descriptor":{"styles":{"desktop":"","tablet":"","mobile":""},"google_fonts":[],"version":6}},"_links":{"self":[{"href":"https:\/\/vaid.com.vn\/en\/wp-json\/wp\/v2\/pages\/607","targetHints":{"allow":["GET"]}}],"collection":[{"href":"https:\/\/vaid.com.vn\/en\/wp-json\/wp\/v2\/pages"}],"about":[{"href":"https:\/\/vaid.com.vn\/en\/wp-json\/wp\/v2\/types\/page"}],"author":[{"embeddable":true,"href":"https:\/\/vaid.com.vn\/en\/wp-json\/wp\/v2\/users\/1"}],"replies":[{"embeddable":true,"href":"https:\/\/vaid.com.vn\/en\/wp-json\/wp\/v2\/comments?post=607"}],"version-history":[{"count":0,"href":"https:\/\/vaid.com.vn\/en\/wp-json\/wp\/v2\/pages\/607\/revisions"}],"wp:attachment":[{"href":"https:\/\/vaid.com.vn\/en\/wp-json\/wp\/v2\/media?parent=607"}],"curies":[{"name":"wp","href":"https:\/\/api.w.org\/{rel}","templated":true}]}}